{"id":16,"date":"2016-05-02T19:56:52","date_gmt":"2016-05-02T19:56:52","guid":{"rendered":"http:\/\/allershausener-nachrichten.de\/?page_id=16"},"modified":"2016-07-04T19:57:20","modified_gmt":"2016-07-04T19:57:20","slug":"agb","status":"publish","type":"page","link":"https:\/\/allershausener-nachrichten.de\/?page_id=16","title":{"rendered":"AGB"},"content":{"rendered":"<p><strong>Allgemeine Gesch\u00e4ftsbedingungen fu\u0308r Anzeigenauftr\u00e4ge<\/strong><\/p>\n<p><strong>1. Auftrag<\/strong><br \/>\n&#8222;Anzeigenauftrag&#8220; im Sinn der nachfolgenden Lieferungs- und Zahlungsbedingungen ist der Verlag u\u0308ber die Ver\u00f6ffentlichung einer oder mehrerer Anzeigen eines Werbungstreibenden oder sonstigem Inserenten in einer Druckschrift zum Zwecke der Verbreitung.<\/p>\n<p><strong>2. Ablehnung eines Auftrages<\/strong><br \/>\nDer Verlag beh\u00e4lt sich vor, Anzeigenauftr\u00e4ge aus inhaltlich oder technischen Gru\u0308nden, jedenfalls nach einheitlichen, sachlich gerechtfertigten Grunds\u00e4tzen des Verlages abzulehnen.<br \/>\nDer Verlag beh\u00e4lt sich ferner vor, Anzeigenauftr\u00e4ge, die Festplatzierungen beinhalten, abzulehnen, soweit dies aus sachlichen Gru\u0308nden erforderlich ist.<br \/>\nDie Ablehnung eines Auftrags wird dem Auftraggeber mitgeteilt.<\/p>\n<p><strong>3. Korrekturabzug<\/strong><br \/>\nEin Anspruch des Auftraggebers auf \u00dcbermittlung eines Korrekturabzuges besteht nur bei Vorliegen einer entsprechenden besonderen Vereinbarung bei Auftragserteilung.<\/p>\n<p><strong>4. \u00c4nderungen<\/strong><br \/>\nSollte der Verlag vom Auftraggeber nach Druckfreigabe gewu\u0308nschte oder zu vertretende \u00c4nderungen vornehmen, so hat der Auftraggeber hierfu\u0308r nach Absprache anfallende Mehrkosten zu tragen. Dies gilt insbesondere fu\u0308r vom Auftraggeber gewu\u0308nschte \u00c4nderungen von Korrekturabzu\u0308gen, soweit diese auch \u00c4nderungen des urspru\u0308nglichen Anzeigenauftrages beinhalten.<\/p>\n<p><strong>5. Druckqualit\u00e4t<\/strong><br \/>\nFu\u0308r die rechtzeitige Lieferung des Anzeigentextes und einwandfreier Druckunterlagen ist der Auftraggeber verantwortlich.<br \/>\nSollte der Auftraggeber zum vereinbarten Termin keine Druckvorlagen zur Verfu\u0308gung stellen, so ist der Verlag berechtigt, die Anzeige nach eigenem Ermessen zu gestalten und zu setzen oder die Anzeige nicht zu ver\u00f6ffentlichen.<br \/>\nFu\u0308r verloren gegangene Druckunterlagen des Auftraggebers u\u0308bernimmt der Verlag keine Haftung.<br \/>\nDer Verlag gew\u00e4hrleistet u\u0308bliche Druckqualit\u00e4t im Rahmen der durch die Druckunterlagen gegebenen M\u00f6glichkeiten, wobei der Verlag ausschlie\u00dflich im 4-Farbdruck der Euroskala druckt und keine Garantie u\u0308bernimmt, wenn von der Euro-Skala abweichende Farbwu\u0308nsche nicht realisiert werden k\u00f6nnen.<\/p>\n<p><strong>6. Gew\u00e4hrleistung<\/strong><br \/>\nEs gelten die gesetzlichen Gew\u00e4hrleistungsvorschriften nebst nachfolgenden Abweichungen.<br \/>\nDer Auftraggeber hat M\u00e4ngel, au\u00dfer wenn sie nicht offensichtlich sind, innerhalb von 14 Tagen ab Kenntnisnahme bzw. M\u00f6glichkeit der Kenntnisnahme zur Vermeidung des Ausschlusses von Gew\u00e4hrleistungsanspru\u0308chen gegenu\u0308ber dem Verlag schriftlich bei diesem eingehend anzuzeigen.<\/p>\n<p><strong>7. Vergu\u0308tung<\/strong><br \/>\nDer Auftraggeber hat fu\u0308r die Ausfu\u0308hrung des Anzeigenauftrages dem Verlag die<br \/>\nvereinbarte Vergu\u0308tung zuzu\u0308glich der jeweils gu\u0308ltigen Mehrwertsteuer zu zahlen (es gelten die Preise der Mediadaten, Stand Juli 2016).<\/p>\n<p><strong>8. Schlussbestimmungen<\/strong><br \/>\nS\u00e4mtliche vertraglichen Vereinbarungen, Nebenabreden einschlie\u00dflich nachtr\u00e4glicher \u00c4nderungen bedu\u0308rfen zu ihrer Wirksamkeit der Schriftform.<br \/>\nGerichtsstand fu\u0308r Streitigkeiten zwischen Auftraggeber und Verlag ist das Amtsgericht Freising.<br \/>\nSollte eine Bestimmung in diesen Lieferungs- und Zahlungsbedingungen unwirksam sein oder werden, so wird die Wirksamkeit der sonstigen Bestimmungen hiervon nicht beru\u0308hrt. Verlag und Auftraggeber verpflichten sich fu\u0308r diesen Fall, diese Bestimmung durch eine rechtlich zul\u00e4ssige, m\u00f6glichst inhaltsgleiche Bestimmung zu ersetzen.<\/p>\n","protected":false},"excerpt":{"rendered":"<p>Allgemeine Gesch\u00e4ftsbedingungen fu\u0308r Anzeigenauftr\u00e4ge 1. Auftrag &#8222;Anzeigenauftrag&#8220; im Sinn der nachfolgenden Lieferungs- und Zahlungsbedingungen ist der Verlag u\u0308ber die Ver\u00f6ffentlichung einer oder mehrerer Anzeigen eines Werbungstreibenden oder sonstigem Inserenten in einer Druckschrift zum Zwecke&#46;&#46;&#46;<\/p>\n","protected":false},"author":1,"featured_media":0,"parent":0,"menu_order":0,"comment_status":"closed","ping_status":"closed","template":"","meta":{"footnotes":""},"class_list":["post-16","page","type-page","status-publish","hentry"],"uagb_featured_image_src":{"full":false,"thumbnail":false,"medium":false,"medium_large":false,"large":false,"1536x1536":false,"2048x2048":false,"thumb-small":false,"thumb-standard":false,"thumb-medium":false,"thumb-large":false,"thumb-xlarge":false,"thumb-xxlarge":false},"uagb_author_info":{"display_name":"sonja","author_link":"https:\/\/allershausener-nachrichten.de\/?author=1"},"uagb_comment_info":0,"uagb_excerpt":"Allgemeine Gesch\u00e4ftsbedingungen fu\u0308r Anzeigenauftr\u00e4ge 1. Auftrag &#8222;Anzeigenauftrag&#8220; im Sinn der nachfolgenden Lieferungs- und Zahlungsbedingungen ist der Verlag u\u0308ber die Ver\u00f6ffentlichung einer oder mehrerer Anzeigen eines Werbungstreibenden oder sonstigem Inserenten in einer Druckschrift zum Zwecke&#46;&#46;&#46;","_links":{"self":[{"href":"https:\/\/allershausener-nachrichten.de\/index.php?rest_route=\/wp\/v2\/pages\/16","targetHints":{"allow":["GET"]}}],"collection":[{"href":"https:\/\/allershausener-nachrichten.de\/index.php?rest_route=\/wp\/v2\/pages"}],"about":[{"href":"https:\/\/allershausener-nachrichten.de\/index.php?rest_route=\/wp\/v2\/types\/page"}],"author":[{"embeddable":true,"href":"https:\/\/allershausener-nachrichten.de\/index.php?rest_route=\/wp\/v2\/users\/1"}],"replies":[{"embeddable":true,"href":"https:\/\/allershausener-nachrichten.de\/index.php?rest_route=%2Fwp%2Fv2%2Fcomments&post=16"}],"version-history":[{"count":6,"href":"https:\/\/allershausener-nachrichten.de\/index.php?rest_route=\/wp\/v2\/pages\/16\/revisions"}],"predecessor-version":[{"id":68,"href":"https:\/\/allershausener-nachrichten.de\/index.php?rest_route=\/wp\/v2\/pages\/16\/revisions\/68"}],"wp:attachment":[{"href":"https:\/\/allershausener-nachrichten.de\/index.php?rest_route=%2Fwp%2Fv2%2Fmedia&parent=16"}],"curies":[{"name":"wp","href":"https:\/\/api.w.org\/{rel}","templated":true}]}}